{"id":2674,"date":"2020-11-17T12:46:44","date_gmt":"2020-11-17T10:46:44","guid":{"rendered":"https:\/\/astrid-stolz.de\/cms\/?page_id=2674"},"modified":"2021-01-15T19:07:20","modified_gmt":"2021-01-15T17:07:20","slug":"standorte","status":"publish","type":"page","link":"https:\/\/astrid-stolz.de\/cms\/standorte\/","title":{"rendered":"Standorte"},"content":{"rendered":"<h1>Wo findet Sozialmedizinische Nachsorge statt?<\/h1>\n<p>Wir \u00fcbernehmen Kinder aus den Kliniken Kinder- und Jugendkrankenhaus Auf der Bult, St\u00e4dtisches Klinikum Braunschweig und dem Klinikum Wolfsburg und fahren viele Kilometer im Jahr, um sie zuhause besuchen zu k\u00f6nnen.<\/p>\n<p>Manchmal hilft es auch, die ver\u00e4nderte Situation in Ruhe und anderer Umgebung zu betrachten. Unsere R\u00e4ume bieten Platz f\u00fcr Einzelberatungen, Schulungen und Gruppentreffen.<\/p>\n<div class=\"row \">\n<div class=\"content_box bg2 text1 \">\n<div class=\"span6 \"><section class=\"lazy-load-box trigger effect-slideup \" data-delay=\"0\" data-speed=\"800\" style=\"-webkit-transition: all 800ms ease; -moz-transition: all 800ms ease; -ms-transition: all 800ms ease; -o-transition: all 800ms ease; transition: all 800ms ease;\">\n<div class=\"Kachelbox\">\n<a href=\"https:\/\/astrid-stolz.de\/cms\/standorte\/standort-hannover\/\" title=\"Standort Hannover\"><\/p>\n<h3>Hannover<\/h3>\n<p>Walderseestra\u00dfe 48, (Eingang Rubensstra\u00dfe), 30177 Hannover<img decoding=\"async\" class=\"alignnone size-full\" src=\"https:\/\/astrid-stolz.de\/cms\/wp-content\/uploads\/2020\/12\/Hannover_Startbild-Zitrone.jpg\" alt=\"Hannover\" \/><\/a><\/p>\n<\/div>\n<\/section><\/div>\n<div class=\"span6 \"><section class=\"lazy-load-box trigger effect-slideup \" data-delay=\"500\" data-speed=\"800\" style=\"-webkit-transition: all 800ms ease; -moz-transition: all 800ms ease; -ms-transition: all 800ms ease; -o-transition: all 800ms ease; transition: all 800ms ease;\">\n<div class=\"Kachelbox\">\n<a href=\"https:\/\/astrid-stolz.de\/cms\/standorte\/standort-braunschweig\/\" title=\"Standort Braunschweig\"><\/p>\n<h3>Braunschweig<\/h3>\n<p>M\u00fcnzstr. 9, 38100 Braunschweig<img decoding=\"async\" class=\"alignnone size-full\" src=\"https:\/\/astrid-stolz.de\/cms\/wp-content\/uploads\/2020\/12\/Braunschweig_Startbild-Regenbogen.jpg\" alt=\"Braunschweig\" \/><\/a><\/p>\n<\/div>\n<\/section><\/div>\n<div class=\"clear\"><\/div><\/div><!-- .content_box (end) -->\n<\/div><!-- .row (end) -->\n","protected":false},"excerpt":{"rendered":"Wo findet Sozialmedizinische Nachsorge statt? Wir \u00fcbernehmen Kinder aus den Kliniken Kinder- und Jugendkrankenhaus Auf der Bult, St\u00e4dtisches Klinikum Braunschweig und dem Klinikum Wolfsburg und fahren viele Kilometer im Jahr, um sie zuhause besuchen zu k\u00f6nnen. Manchmal hilft es auch, die ver\u00e4nderte Situation in Ruhe und anderer Umgebung zu betrachten. Unsere R\u00e4ume bieten Platz f\u00fcr Einzelberatungen, Schulungen und Gruppentreffen.","protected":false},"author":2,"featured_media":0,"parent":0,"menu_order":0,"comment_status":"closed","ping_status":"closed","template":"page-fullwidth.php","meta":{"protect_children":false,"footnotes":""},"aioseo_notices":[],"_links":{"self":[{"href":"https:\/\/astrid-stolz.de\/cms\/wp-json\/wp\/v2\/pages\/2674"}],"collection":[{"href":"https:\/\/astrid-stolz.de\/cms\/wp-json\/wp\/v2\/pages"}],"about":[{"href":"https:\/\/astrid-stolz.de\/cms\/wp-json\/wp\/v2\/types\/page"}],"author":[{"embeddable":true,"href":"https:\/\/astrid-stolz.de\/cms\/wp-json\/wp\/v2\/users\/2"}],"replies":[{"embeddable":true,"href":"https:\/\/astrid-stolz.de\/cms\/wp-json\/wp\/v2\/comments?post=2674"}],"version-history":[{"count":10,"href":"https:\/\/astrid-stolz.de\/cms\/wp-json\/wp\/v2\/pages\/2674\/revisions"}],"predecessor-version":[{"id":2783,"href":"https:\/\/astrid-stolz.de\/cms\/wp-json\/wp\/v2\/pages\/2674\/revisions\/2783"}],"wp:attachment":[{"href":"https:\/\/astrid-stolz.de\/cms\/wp-json\/wp\/v2\/media?parent=2674"}],"curies":[{"name":"wp","href":"https:\/\/api.w.org\/{rel}","templated":true}]}}