{"id":14,"date":"2011-07-14T19:47:05","date_gmt":"2011-07-14T19:47:05","guid":{"rendered":"http:\/\/astrid-stolz.com\/contacts\/"},"modified":"2024-03-16T18:10:08","modified_gmt":"2024-03-16T16:10:08","slug":"kontakt","status":"publish","type":"page","link":"https:\/\/astrid-stolz.de\/cms\/kontakt\/","title":{"rendered":"Kontakt"},"content":{"rendered":"<div class=\"row \">\n<div class=\"span7 \"><h2>Adresse und Anfahrt<\/h2>\n<h3><span style=\"color: #fab813;\">So finden Sie mich<\/span><\/h3>\n<p style=\"margin: 0; padding: 0;\"><strong>Astrid Stolz<\/strong><\/p>\n<p>Sozialmedizinische Nachsorge<\/p>\n<p style=\"margin: 0; padding: 0;\">Walderseestra\u00dfe 48, 30177 Hannover<\/p>\n<p style=\"margin: 0; padding: 0;\">M\u00fcnzstr. 9, 38100 Braunschweig<\/p>\n<p style=\"margin: 0; padding: 0;\">B\u00fcrozeiten: Mo-Fr. 8:30 - 16:00 Uhr<\/p>\n<p style=\"margin: 0; padding: 0;\">Telefon 0511\u2009\/\u200980\u200976\u200936\u200965<\/p>\n<p style=\"margin: 0; padding: 0;\">Telefax 0511\u2009\/\u200980\u200976\u200936\u200969<\/p>\n<p style=\"margin: 0; padding: 0;\"><a href=\"mailto:mail@astrid-stolz.de\">mail@astrid-stolz.de<\/a><\/p>\n<p><a href=\"https:\/\/astrid-stolz.de\">www.astrid-stolz.de<\/a><\/p>\n<p style=\"margin: 0; padding: 0;\"><strong>Wegbeschreibung:<\/strong><\/p>\n<p style=\"margin: 0; padding: 0;\">Stadtbahnen 3,7,9 \u00a0Haltestelle Pelikanstra\u00dfe<\/p>\n<p style=\"margin: 0; padding: 0;\">Von der Podbielskistra\u00dfe aus kommend in die Rubensstra\u00dfe einbiegen, dann bis zum Ende, letztes Haus auf der rechten Seite. Von der Walderseestra\u00dfe aus kommend, in die Rubensstra\u00dfe einbiegen, 1. Haus auf der linken Seite.<\/p>\n<p class=\"p1\"><div class=\"spacer\"><\/div><!-- .spacer (end) -->\n<p class=\"p1\"><\/div>\n<div class=\"span4 \"><p class=\"p1\"><img decoding=\"async\" class=\"Kontaktfoto_Verwaltung aligncenter size-full\" src=\"\/cms\/wp-content\/uploads\/2023\/02\/Kreisgrafik_Verwaltung-2023.jpg\" alt=\"kontakt\" \/><\/p>\n<p class=\"p1\" style=\"text-align: center;\">Verwaltung: Natalija Simic, Michael Nietschmann<\/div>\n<\/div><!-- .row (end) -->\n","protected":false},"excerpt":{"rendered":"","protected":false},"author":2,"featured_media":0,"parent":0,"menu_order":6,"comment_status":"open","ping_status":"closed","template":"page-fullwidth.php","meta":{"protect_children":false,"footnotes":""},"aioseo_notices":[],"_links":{"self":[{"href":"https:\/\/astrid-stolz.de\/cms\/wp-json\/wp\/v2\/pages\/14"}],"collection":[{"href":"https:\/\/astrid-stolz.de\/cms\/wp-json\/wp\/v2\/pages"}],"about":[{"href":"https:\/\/astrid-stolz.de\/cms\/wp-json\/wp\/v2\/types\/page"}],"author":[{"embeddable":true,"href":"https:\/\/astrid-stolz.de\/cms\/wp-json\/wp\/v2\/users\/2"}],"replies":[{"embeddable":true,"href":"https:\/\/astrid-stolz.de\/cms\/wp-json\/wp\/v2\/comments?post=14"}],"version-history":[{"count":44,"href":"https:\/\/astrid-stolz.de\/cms\/wp-json\/wp\/v2\/pages\/14\/revisions"}],"predecessor-version":[{"id":3389,"href":"https:\/\/astrid-stolz.de\/cms\/wp-json\/wp\/v2\/pages\/14\/revisions\/3389"}],"wp:attachment":[{"href":"https:\/\/astrid-stolz.de\/cms\/wp-json\/wp\/v2\/media?parent=14"}],"curies":[{"name":"wp","href":"https:\/\/api.w.org\/{rel}","templated":true}]}}